{"id":2626,"date":"2021-02-08T12:05:39","date_gmt":"2021-02-08T11:05:39","guid":{"rendered":"https:\/\/www.hispanosuiza.boutique\/?page_id=2626"},"modified":"2024-02-05T16:25:30","modified_gmt":"2024-02-05T15:25:30","slug":"politica-de-cookies","status":"publish","type":"page","link":"https:\/\/www.hispanosuiza.boutique\/es\/politica-de-cookies\/","title":{"rendered":"Pol\u00edtica de cookies"},"content":{"rendered":"<p>Gran parte de las p\u00e1ginas web utilizan cookies, tanto propias como de terceros, principalmente para mejorar la experiencia del usuario. En general las cookies no pueden perjudicar al equipo que las almacena, pero algunos usuarios prefieren bloquearlas y borrar las ya instaladas.<\/p>\n<p>Para que pueda decidir qu\u00e9 hacer con ellas le explicamos qu\u00e9 son las cookies, qu\u00e9 tipo usamos en nuestra web y como configurar sus ajustes.<br \/>\nAdem\u00e1s de la informaci\u00f3n recogida a trav\u00e9s de las Cookies es posible que captemos informaci\u00f3n a trav\u00e9s de otras herramientas similares a las Cookies como los P\u00edxels o Web beacons u otras tecnolog\u00edas de captaci\u00f3n de informaci\u00f3n como el fingerprint o huella digital.<\/p>\n<h2>1. \u00bfQU\u00c9 ES UNA COOKIE?<\/h2>\n<p>Una cookie es un archivo de texto que incluye peque\u00f1as cantidades de datos que se descargan e instalan en su dispositivo cuando visita un sitio web. Una vez guardadas, cuando vuelva a visitar ese sitio web, su navegador vuelve a enviar estas cookies a dicho sitio web o a otro que reconozca estas cookies. Las cookies permiten almacenar y recuperar informaci\u00f3n sobre las visitas realizadas, sus h\u00e1bitos de navegaci\u00f3n y, dependiendo de la informaci\u00f3n que contengan y de la forma en que utilice su dispositivo, pueden utilizarse para reconocer al usuario, as\u00ed como mejorar la experiencia de uso de la p\u00e1gina web.<\/p>\n<p>Puedes encontrar m\u00e1s informaci\u00f3n sobre cookies en:<\/p>\n<ul>\n<li>http:\/\/www.w3schools.com\/ASP\/asp_cookies.asp<\/li>\n<li>http:\/\/www.allaboutcookies.org\/es\/galletas\/<\/li>\n<\/ul>\n<p>A continuaci\u00f3n, le explicamos los diferentes tipos de cookies que existen:<\/p>\n<p><b>Cookies de sesi\u00f3n:<\/b>\u00a0son cookies temporales que permanecen en el archivo de cookies del navegador hasta que abandona la web y no quedan registradas en el disco duro de su dispositivo. La informaci\u00f3n obtenida por medio de estas cookies sirve para analizar pautas de tr\u00e1fico en la web. A la larga permiten proporcionar una mejor experiencia para mejorar el contenido y facilitar su uso.<\/p>\n<p><strong>Cookies permanentes:<\/strong>\u00a0Son cookies que quedan almacenadas en el disco duro y la web las lee cada vez que vuelve a visitar la p\u00e1gina. Una cookie de este tipo posee una fecha de caducidad determinada. La cookie dejar\u00e1 de funcionar despu\u00e9s de esa fecha. Asimismo, las cookies pueden ser\u00a0\u201cpropias\u201d o de \u201cterceros\u201d.\u00a0Las primeras son aquellas que se env\u00edan al ordenador del usuario desde un equipo o dominio gestionado por nuestra parte, mientras que las cookies de \u201cterceros\u201d son aquellas que se env\u00edan al ordenador del usuario desde un equipo o dominio gestionado por proveedores de servicios (como por ejemplo Google que ofrece el servicio de anal\u00edtica de la web).<\/p>\n<h2>2. \u00bfQU\u00c9 COOKIES USAMOS EN NUESTRA WEB?<\/h2>\n<h3>2.1- COOKIES T\u00c9CNICAS DE USO INTERNO<\/h3>\n<p>Esta web utiliza cookies de uso interno imprescindibles para el correcto funcionamiento de la web, como por ejemplo aquellas que permiten la autenticaci\u00f3n o el mantenimiento de la sesi\u00f3n del usuario registrado cuando navega por la p\u00e1gina. La desactivaci\u00f3n de estas cookies impide el<br \/>\nfuncionamiento correcto de algunas de las funcionalidades de la web.<\/p>\n<h3>2.2- COOKIES ANAL\u00cdTICAS<\/h3>\n<p>Esta web utiliza cookies anal\u00edticas para hacer el seguimiento, an\u00e1lisis, as\u00ed como realizar estad\u00edsticas acerca de la actividad del usuario en la p\u00e1gina web. Dicha informaci\u00f3n permite introducir mejoras en funci\u00f3n del an\u00e1lisis realizado para optimizar la navegaci\u00f3n por nuestra p\u00e1gina web y garantizar el mejor servicio al usuario, conociendo por ejemplo: el idioma utilizado, la frecuencia de visitas y el tiempo de la misma, el navegador utilizado, as\u00ed como el idioma utilizado.<\/p>\n<p>Puede excluir la actividad de las Cookies anal\u00edticas a trav\u00e9s del Configurador de Cookies, o a trav\u00e9s de la configuraci\u00f3n de su navegador.<\/p>\n<h4>SERVICIO PROVEEDOR MAS INFORMACI\u00d3N<\/h4>\n<p>Google Tag Manager: <a href=\"https:\/\/support.google.com\/tagmanager\/answer\/6102821?hl=es\" target=\"_blank\" rel=\"noopener noreferrer\">https:\/\/support.google.com\/tagmanager\/answer\/6102821?hl=es<\/a><br \/>\nGoogle Analytics: <a href=\"https:\/\/policies.google.com\/technologies\/types?hl=es\" target=\"_blank\" rel=\"noopener noreferrer\">https:\/\/policies.google.com\/technologies\/types?hl=es<\/a><\/p>\n<h3>2.3- COOKIES PUBLICITARIAS<\/h3>\n<p>Son cookies almacenadas por terceras partes que gestionan los espacios publicitarios que los usuarios visualizan al acceder a esta web. Estas cookies permiten medir la efectividad de nuestras campa\u00f1as online, proporcionar al usuario informaci\u00f3n de su inter\u00e9s y ofrecerle contenidos<br \/>\npublicitarios de su preferencia.<\/p>\n<p>Google Dynamic Remarketing:<br \/>\n<a href=\"https:\/\/www.hispanosuizacars.com\/carmen-chasis\/\" target=\"_blank\" rel=\"noopener noreferrer\">https:\/\/policies.google.com\/technologies\/types?hl=es<\/a><br \/>\n<a href=\"https:\/\/support.google.com\/google-ads\/answer\/3124536?hl=es\">https:\/\/support.google.com\/google-ads\/answer\/3124536?hl=es<\/a><\/p>\n<p>Google Adwords: <a href=\"https:\/\/policies.google.com\/technologies\/types?hl=es\" target=\"_blank\" rel=\"noopener noreferrer\">https:\/\/policies.google.com\/technologies\/types?hl=es<\/a><\/p>\n<p>Es posible que los links anteriores dirijan a p\u00e1ginas web que no est\u00e9n disponibles en castellano. En caso de que no entienda el contenido de la informaci\u00f3n suministrada, puede deshabilitar la instalaci\u00f3n de cookies de terceros conforme a las instrucciones facilitadas en el apartado tercero de la presente Pol\u00edtica.<\/p>\n<p>2.4- COOKIES DE FUNCIONES DE REDES SOCIALES<\/p>\n<p>Nuestra p\u00e1gina web incorpora espacios y contenidos en los que se han incluido botones sociales para que los usuarios puedan compartir nuestros contenidos en las redes sociales.<\/p>\n<p>No controlamos las cookies instaladas por cada red social, aunque las mismas suelen ser t\u00e9cnicas para, por ejemplo, contabilizar cuantas veces se ha compartido un determinado contenido, o poder iniciar la sesi\u00f3n.<\/p>\n<p>Para m\u00e1s informaci\u00f3n acerca de las mismas puede consultar las condiciones de privacidad y cookies de cada red social.<\/p>\n<p>Facebook Connect: https:\/\/www.facebook.com\/policy\/cookies\/<\/p>\n<h2>3. \u00bfC\u00d3MO CONFIGURAR LOS AJUSTES DE TUS COOKIES?<\/h2>\n<p>Puede configurarlas a trav\u00e9s del gestor de cookies o desde su navegador web, as\u00ed como desde las p\u00e1ginas web de aquellos terceros que instalen cookies en su dispositivo a trav\u00e9s de nuestra p\u00e1gina web.<\/p>\n<h3>3.1- DESHABILITAR COOKIES DESDE SU NAVEGADOR WEB<\/h3>\n<p>La mayor\u00eda de los navegadores web le proporcionan informaci\u00f3n sobre las cookies, permiti\u00e9ndole ver qu\u00e9 cookies tiene instaladas, borrarlas todas o por separado, y permiti\u00e9ndole bloquear o permitir cookies de todas las p\u00e1ginas web o de algunas que seleccione. As\u00ed mismo, puede deshabilitar cookies publicitarias de terceros por separado. Tenga en cuenta que,si configura sus ajustes de cookies desde su navegador web, los cambios afectar\u00e1n a todas las p\u00e1ginas web que visite (no s\u00f3lo las nuestras), a no ser que borre o bloquee cada cookie por separado.<\/p>\n<p>Encontrar\u00e1 informaci\u00f3n sobre cookies en el apartado de &amp;quot;Ayuda&amp;quot; de su navegador web. Le explicamos c\u00f3mo acceder a la configuraci\u00f3n de las cookies de los navegadores m\u00e1s utilizados.<\/p>\n<p><strong>Microsoft Internet Explorer<\/strong> http:\/\/windows.microsoft.com\/es-es\/internet-explorer\/delete-manage-cookies#ie=ie-11<\/p>\n<p><strong>Apple Safari<\/strong> https:\/\/support.apple.com\/es-es\/guide\/safari\/sfri11471\/mac<\/p>\n<p><strong>Google Chrome:<\/strong> https:\/\/support.google.com\/chrome\/answer\/95647?hl=es<\/p>\n<p><strong>Mozilla Firefox:<\/strong> https:\/\/support.mozilla.org\/es\/kb\/habilitar-y-deshabilitar-cookies-sitios-web-rastrear-preferencias?redirectlocale=es&amp;amp;redirectslug=habilitar-y-deshabilitar-cookies-que-los-sitios-we<\/p>\n<p>https:\/\/support.mozilla.org\/es\/kb\/Borrar cookies<\/p>\n<h3>3.2- DESHABILITAR COOKIES DE TERCEROS<\/h3>\n<p>El usuario puede revocar su consentimiento para el uso de cookies de terceros a trav\u00e9s del propio navegador o a trav\u00e9s de los enlaces mostrados a continuaci\u00f3n:<\/p>\n<p><strong>Google Analytics:<\/strong> https:\/\/tools.google.com\/dlpage\/gaoptout<\/p>\n<p><strong>Facebook:<\/strong> https:\/\/www.facebook.com\/help\/568137493302217<\/p>\n<p>Recuerde que si deshabilita estas cookies de ejecuci\u00f3n mencionadas no podemos saber lo que le gusta o no de nuestras p\u00e1ginas y es m\u00e1s dif\u00edcil mejorar su experiencia de usuario y nuestro site.<\/p>\n<h2>RECOGIDA DE INFORMACI\u00d3N A TRAV\u00c9S DE TECNOLOG\u00cdAS SIMILARES A LAS COOKIES<\/h2>\n<p>Tal y como se ha informado anteriormente, podemos recoger informaci\u00f3n utilizando tecnolog\u00edas similares a las Cookies como Pixels o Web Beacons. Los P\u00edxels o Web Beacon son peque\u00f1os ficheros gr\u00e1ficos que incluyen un c\u00f3digo gestionado a trav\u00e9s de la URL de terceros y que permiten recoger entre otros, la siguiente informaci\u00f3n: la direcci\u00f3n IP, navegador utilizado, idioma seleccionado, las compras realizadas, la apertura i frecuencia de las newsletters enviadas, tipos de audiencia, etc,)<\/p>\n<p>Dicha informaci\u00f3n nos permitir\u00e1 analizar el funcionamiento que realiza sobre la p\u00e1gina web y podr\u00e1 ser utilizada con fines anal\u00edticos y\/o publicitarios.<\/p>\n<p>Adem\u00e1s de la informaci\u00f3n recabada a trav\u00e9s de los Pixels o Web Beacons podemos utilizar otras t\u00e9cnicas similares a las Cookies como el fingerprint o la huella digital. Dichas herramientas son utilizadas para identificar y realizar un seguimiento de la actividad realizada por el usuario y realizar un perfilado del mismo a trav\u00e9s de la informaci\u00f3n recabada entre la que se encuentra, por ejemplo, la direcci\u00f3n IP, navegador, resoluci\u00f3n de la pantalla, sistema operativo, idioma utilizado, zona horaria, etc.<\/p>\n","protected":false},"excerpt":{"rendered":"<p>Gran parte de las p\u00e1ginas web utilizan cookies, tanto propias como de terceros, principalmente para mejorar la experiencia del usuario. En general las cookies no pueden perjudicar al equipo que las almacena, pero algunos usuarios prefieren bloquearlas y borrar las ya instaladas. Para que pueda decidir qu\u00e9 hacer con ellas le explicamos qu\u00e9 son las [&hellip;]<\/p>\n","protected":false},"author":1,"featured_media":0,"parent":0,"menu_order":0,"comment_status":"closed","ping_status":"closed","template":"page-legal.php","meta":{"inline_featured_image":false},"yoast_head":"<!-- This site is optimized with the Yoast SEO plugin v19.2 - https:\/\/yoast.com\/wordpress\/plugins\/seo\/ -->\n<title>Pol\u00edtica de cookies - Hispano Suiza<\/title>\n<meta name=\"robots\" content=\"index, follow, max-snippet:-1, max-image-preview:large, max-video-preview:-1\" \/>\n<link rel=\"canonical\" href=\"https:\/\/www.hispanosuiza.boutique\/es\/politica-de-cookies\/\" \/>\n<meta property=\"og:locale\" content=\"es_ES\" \/>\n<meta property=\"og:type\" content=\"article\" \/>\n<meta property=\"og:title\" content=\"Pol\u00edtica de cookies - Hispano Suiza\" \/>\n<meta property=\"og:description\" content=\"Gran parte de las p\u00e1ginas web utilizan cookies, tanto propias como de terceros, principalmente para mejorar la experiencia del usuario. En general las cookies no pueden perjudicar al equipo que las almacena, pero algunos usuarios prefieren bloquearlas y borrar las ya instaladas. Para que pueda decidir qu\u00e9 hacer con ellas le explicamos qu\u00e9 son las [&hellip;]\" \/>\n<meta property=\"og:url\" content=\"https:\/\/www.hispanosuiza.boutique\/es\/politica-de-cookies\/\" \/>\n<meta property=\"og:site_name\" content=\"Hispano Suiza\" \/>\n<meta property=\"article:modified_time\" content=\"2024-02-05T15:25:30+00:00\" \/>\n<meta name=\"author\" content=\"Jevnet\" \/>\n<meta name=\"twitter:card\" content=\"summary_large_image\" \/>\n<meta name=\"twitter:label1\" content=\"Tiempo de lectura\" \/>\n\t<meta name=\"twitter:data1\" content=\"5 minutos\" \/>\n<script type=\"application\/ld+json\" class=\"yoast-schema-graph\">{\"@context\":\"https:\/\/schema.org\",\"@graph\":[{\"@type\":\"WebSite\",\"@id\":\"https:\/\/www.hispanosuiza.boutique\/es\/#website\",\"url\":\"https:\/\/www.hispanosuiza.boutique\/es\/\",\"name\":\"Hispano Suiza\",\"description\":\"Luxury cars\",\"potentialAction\":[{\"@type\":\"SearchAction\",\"target\":{\"@type\":\"EntryPoint\",\"urlTemplate\":\"https:\/\/www.hispanosuiza.boutique\/es\/?s={search_term_string}\"},\"query-input\":\"required name=search_term_string\"}],\"inLanguage\":\"es\"},{\"@type\":\"WebPage\",\"@id\":\"https:\/\/www.hispanosuiza.boutique\/es\/politica-de-cookies\/#webpage\",\"url\":\"https:\/\/www.hispanosuiza.boutique\/es\/politica-de-cookies\/\",\"name\":\"Pol\u00edtica de cookies - Hispano Suiza\",\"isPartOf\":{\"@id\":\"https:\/\/www.hispanosuiza.boutique\/es\/#website\"},\"datePublished\":\"2021-02-08T11:05:39+00:00\",\"dateModified\":\"2024-02-05T15:25:30+00:00\",\"breadcrumb\":{\"@id\":\"https:\/\/www.hispanosuiza.boutique\/es\/politica-de-cookies\/#breadcrumb\"},\"inLanguage\":\"es\",\"potentialAction\":[{\"@type\":\"ReadAction\",\"target\":[\"https:\/\/www.hispanosuiza.boutique\/es\/politica-de-cookies\/\"]}]},{\"@type\":\"BreadcrumbList\",\"@id\":\"https:\/\/www.hispanosuiza.boutique\/es\/politica-de-cookies\/#breadcrumb\",\"itemListElement\":[{\"@type\":\"ListItem\",\"position\":1,\"name\":\"Pol\u00edtica de cookies\"}]}]}<\/script>\n<!-- \/ Yoast SEO plugin. -->","yoast_head_json":{"title":"Pol\u00edtica de cookies - Hispano Suiza","robots":{"index":"index","follow":"follow","max-snippet":"max-snippet:-1","max-image-preview":"max-image-preview:large","max-video-preview":"max-video-preview:-1"},"canonical":"https:\/\/www.hispanosuiza.boutique\/es\/politica-de-cookies\/","og_locale":"es_ES","og_type":"article","og_title":"Pol\u00edtica de cookies - Hispano Suiza","og_description":"Gran parte de las p\u00e1ginas web utilizan cookies, tanto propias como de terceros, principalmente para mejorar la experiencia del usuario. En general las cookies no pueden perjudicar al equipo que las almacena, pero algunos usuarios prefieren bloquearlas y borrar las ya instaladas. Para que pueda decidir qu\u00e9 hacer con ellas le explicamos qu\u00e9 son las [&hellip;]","og_url":"https:\/\/www.hispanosuiza.boutique\/es\/politica-de-cookies\/","og_site_name":"Hispano Suiza","article_modified_time":"2024-02-05T15:25:30+00:00","author":"Jevnet","twitter_card":"summary_large_image","twitter_misc":{"Tiempo de lectura":"5 minutos"},"schema":{"@context":"https:\/\/schema.org","@graph":[{"@type":"WebSite","@id":"https:\/\/www.hispanosuiza.boutique\/es\/#website","url":"https:\/\/www.hispanosuiza.boutique\/es\/","name":"Hispano Suiza","description":"Luxury cars","potentialAction":[{"@type":"SearchAction","target":{"@type":"EntryPoint","urlTemplate":"https:\/\/www.hispanosuiza.boutique\/es\/?s={search_term_string}"},"query-input":"required name=search_term_string"}],"inLanguage":"es"},{"@type":"WebPage","@id":"https:\/\/www.hispanosuiza.boutique\/es\/politica-de-cookies\/#webpage","url":"https:\/\/www.hispanosuiza.boutique\/es\/politica-de-cookies\/","name":"Pol\u00edtica de cookies - Hispano Suiza","isPartOf":{"@id":"https:\/\/www.hispanosuiza.boutique\/es\/#website"},"datePublished":"2021-02-08T11:05:39+00:00","dateModified":"2024-02-05T15:25:30+00:00","breadcrumb":{"@id":"https:\/\/www.hispanosuiza.boutique\/es\/politica-de-cookies\/#breadcrumb"},"inLanguage":"es","potentialAction":[{"@type":"ReadAction","target":["https:\/\/www.hispanosuiza.boutique\/es\/politica-de-cookies\/"]}]},{"@type":"BreadcrumbList","@id":"https:\/\/www.hispanosuiza.boutique\/es\/politica-de-cookies\/#breadcrumb","itemListElement":[{"@type":"ListItem","position":1,"name":"Pol\u00edtica de cookies"}]}]}},"_links":{"self":[{"href":"https:\/\/www.hispanosuiza.boutique\/es\/wp-json\/wp\/v2\/pages\/2626"}],"collection":[{"href":"https:\/\/www.hispanosuiza.boutique\/es\/wp-json\/wp\/v2\/pages"}],"about":[{"href":"https:\/\/www.hispanosuiza.boutique\/es\/wp-json\/wp\/v2\/types\/page"}],"author":[{"embeddable":true,"href":"https:\/\/www.hispanosuiza.boutique\/es\/wp-json\/wp\/v2\/users\/1"}],"replies":[{"embeddable":true,"href":"https:\/\/www.hispanosuiza.boutique\/es\/wp-json\/wp\/v2\/comments?post=2626"}],"version-history":[{"count":4,"href":"https:\/\/www.hispanosuiza.boutique\/es\/wp-json\/wp\/v2\/pages\/2626\/revisions"}],"predecessor-version":[{"id":9276,"href":"https:\/\/www.hispanosuiza.boutique\/es\/wp-json\/wp\/v2\/pages\/2626\/revisions\/9276"}],"wp:attachment":[{"href":"https:\/\/www.hispanosuiza.boutique\/es\/wp-json\/wp\/v2\/media?parent=2626"}],"curies":[{"name":"wp","href":"https:\/\/api.w.org\/{rel}","templated":true}]}}