{"id":2726,"date":"2021-02-09T12:04:48","date_gmt":"2021-02-09T11:04:48","guid":{"rendered":"https:\/\/www.hispanosuiza.boutique\/?page_id=2726"},"modified":"2023-12-14T11:59:50","modified_gmt":"2023-12-14T10:59:50","slug":"aviso-legal","status":"publish","type":"page","link":"https:\/\/www.hispanosuiza.boutique\/es\/aviso-legal\/","title":{"rendered":"Aviso legal"},"content":{"rendered":"<p>El presente Aviso Legal regula el acceso y utilizaci\u00f3n del presente sitio web (en adelante, el \u00abSitio Web\u00bb), cuyo contenido tiene car\u00e1cter exclusivamente informativo. El Sitio Web es titularidad de Hispano Suiza Cars, S.L., con domicilio social en Pla\u00e7a del Carme, 17491 Peralada (Girona), inscrita en el Registro Mercantil de Girona, Hoja GI-65038, Tomo 3233, Folio 96, con C.I.F. B67328260 (en adelante, \u00abHispano Suiza\u00bb), e email de contacto info@hispanosuizacars.com.<\/p>\n<p>El acceso y navegaci\u00f3n de un usuario por el Sitio Web implica el conocimiento y la aceptaci\u00f3n sin reservas de los siguientes t\u00e9rminos y condiciones.<\/p>\n<p>Sin perjuicio de lo anterior, HISPANO SUIZA puede ofrecer a trav\u00e9s de la p\u00e1gina web, servicios que podr\u00e1n encontrarse sometidos a unas condiciones particulares propias sobre las cuales se informar\u00e1 al Usuario en cada caso concreto.<\/p>\n<h2><strong>1) Acceso a la p\u00e1gina web<\/strong><\/h2>\n<p>En la presente p\u00e1gina web no se exige la previa suscripci\u00f3n o registro como Usuario para el acceso y uso de la p\u00e1gina web, sin perjuicio de que para la utilizaci\u00f3n de determinados servicios o contenidos de la misma se deba realizar dicha suscripci\u00f3n o registro.<\/p>\n<p>HISPANO SUIZA adopta las medidas t\u00e9cnicas y organizativas necesarias para garantizar la protecci\u00f3n de los datos de car\u00e1cter personal y evitar su alteraci\u00f3n, p\u00e9rdida, tratamiento y\/o acceso no autorizado, habida cuenta del estado de la t\u00e9cnica, la naturaleza de los datos almacenados y los riesgos a que est\u00e1n expuestos, todo ello, conforme a lo establecido por la legislaci\u00f3n espa\u00f1ola de Protecci\u00f3n de Datos de Car\u00e1cter Personal.<\/p>\n<p>Asimismo, HISPANO SUIZA no se hace responsable frente a los Usuarios, por la revelaci\u00f3n de sus datos personales a terceros que no sea debida a causas directamente imputables a HISPANO SUIZA, ni por el uso que de tales datos hagan terceros ajenos a HISPANO SUIZA.<\/p>\n<h2><strong>2) Uso correcto de la p\u00e1gina web<\/strong><\/h2>\n<p>El Usuario se compromete a utilizar la p\u00e1gina web, los contenidos y servicios de conformidad con la Ley, el presente Aviso Legal, las buenas costumbres y el orden p\u00fablico. Del mismo modo el Usuario se obliga a no utilizar la p\u00e1gina web, sus contenidos o los servicios que se presten a trav\u00e9s de \u00e9sta con fines o efectos il\u00edcitos o contrarios al contenido del presente.<\/p>\n<p>Aviso Legal, lesivos de los intereses o derechos de terceros, o que de cualquier forma pueda da\u00f1ar, inutilizar, hacer inaccesibles o deteriorar la p\u00e1gina web, sus contenidos o sus servicios o impedir un normal disfrute de la misma por otros Usuarios.<\/p>\n<p>Asimismo, el Usuario se compromete expresamente a no destruir, alterar, inutilizar o, de cualquier otra forma, da\u00f1ar los datos, programas o documentos electr\u00f3nicos que se encuentren en la Web.<br \/>\nEl Usuario se compromete a no obstaculizar el acceso de otros Usuarios mediante el consumo masivo de los recursos inform\u00e1ticos a trav\u00e9s de los cuales HISPANO SUIZA presta el servicio, as\u00ed como realizar acciones que da\u00f1en, interrumpan o generen errores en dichos sistemas o servicios.<\/p>\n<p>El Usuario se compromete a no introducir programas, virus, macros, applets, controles ActiveX o cualquier otro dispositivo l\u00f3gico o secuencia de caracteres que causen o sean susceptibles de causar cualquier tipo de alteraci\u00f3n en los sistemas inform\u00e1ticos de HISPANO SUIZA o de terceros.<\/p>\n<h2><strong>3) Protecci\u00f3n de datos de car\u00e1cter personal<\/strong><\/h2>\n<p>El presente Sitio Web pone a disposici\u00f3n de los usuarios distintos apartados en los que se podr\u00e1n captar datos de car\u00e1cter personal por parte de HISPANO SUIZA. Todos los apartados informan debidamente de las finalidades del tratamiento y cualquier otra informaci\u00f3n que pudiera ser necesaria o relevante.<\/p>\n<p>En cualquier caso, podr\u00e1 ejercer sus derechos de acceso, rectificaci\u00f3n, supresi\u00f3n, limitaci\u00f3n o portabilidad, mediante comunicaci\u00f3n por escrito dirigido a HISPANO SUIZA a la direcci\u00f3n postal Pla\u00e7a del Carme, 17491 Peralada (Girona), o bien por correo electr\u00f3nico a privacy@hispanozsuizacars.com, indicando como asunto \u201cDatos Personales \u2013 Hispano Suiza Cars\u201d.<\/p>\n<p>Adicionalmente, podr\u00e1 interponer reclamaci\u00f3n ante la Autoridad de Control competente si considera que Casino ha tratado sus datos contraviniendo la presente Pol\u00edtica de Privacidad o cualquier otra normativa vigente relacionada con el tratamiento de datos de car\u00e1cter personal.<\/p>\n<h2><strong>4) Propiedad intelectual e industrial<\/strong><\/h2>\n<p>Todos los contenidos de la p\u00e1gina Web, salvo que se indique lo contrario, son titularidad exclusiva de HISPANO SUIZA y, con car\u00e1cter enunciativo, que no limitativo, el dise\u00f1o gr\u00e1fico, c\u00f3digo fuente, logos, textos, gr\u00e1ficos, ilustraciones, fotograf\u00edas, y dem\u00e1s elementos que aparecen en la p\u00e1gina Web.<\/p>\n<p>Igualmente, todos los nombres comerciales, marcas o signos distintivos de cualquier clase contenidos en la p\u00e1gina Web est\u00e1n protegidos por la Ley.<\/p>\n<p>HISPANO SUIZA no concede ning\u00fan tipo de licencia o autorizaci\u00f3n de uso personal al Usuario sobre sus derechos de propiedad intelectual e industrial o sobre cualquier otro derecho relacionado con su Web y los servicios ofrecidos en la misma. Por ello, el Usuario reconoce que la reproducci\u00f3n, distribuci\u00f3n, comercializaci\u00f3n, transformaci\u00f3n, y en general, cualquier otra forma de explotaci\u00f3n, por cualquier procedimiento, de todo o parte de los contenidos de esta p\u00e1gina Web constituye una infracci\u00f3n de los derechos de propiedad intelectual y\/o industrial de HISPANO SUIZA o del titular de los mismos.<\/p>\n<h2><strong>5) Modificaci\u00f3n de las condiciones de uso<\/strong><\/h2>\n<p>HISPANO SUIZA se reserva el derecho de desarrollar o actualizar en cualquier momento el Aviso Legal por lo que el usuario deber\u00e1 leerlo peri\u00f3dicamente.<\/p>\n<h2><strong>6) Limitaci\u00f3n de responsabilidad<\/strong><\/h2>\n<p>HISPANO SUIZA declina cualquier tipo de responsabilidad que se pudiera derivar por un incorrecto uso por parte de los internautas, as\u00ed como por virus o problemas de conexi\u00f3n, disponibilidad o continuidad de nuestra p\u00e1gina web.<\/p>\n<p>Aunque HISPANO SUIZA se esfuerza en lo razonable para incluir en la presente p\u00e1gina Web informaci\u00f3n precisa y actualizada, no ofrece garant\u00eda alguna respecto a su contenido, el cual se presenta \u00abtal cual\u00bb. Asimismo, HISPANO SUIZA no se hace responsable de cualquier error tipogr\u00e1fico o cualquier otro tipo que pudieran contener las comunicaciones incluidas en la p\u00e1gina web. En cualquier caso, si se detectara cualquier tipo de error de este tipo por parte de HISPANO SUIZA, se comunicar\u00e1 lo antes posible. HISPANO SUIZA no se responsabiliza de ninguna contingencia relacionada con el uso de la presente p\u00e1gina Web o de su contenido. Concretamente, HISPANO SUIZA no se responsabiliza de la precisi\u00f3n, integridad, suficiencia, actualidad, oportunidad o el car\u00e1cter exhaustivo de la informaci\u00f3n contenida en la presente p\u00e1gina Web.<\/p>\n<p>HISPANO SUIZA se reserva el derecho de interrumpir o suspender total o parcialmente la funcionalidad de la presente p\u00e1gina Web. HISPANO SUIZA no se responsabiliza de la eventual interrupci\u00f3n o suspensi\u00f3n de la presente p\u00e1gina Web.<\/p>\n<h2><strong>7) Ley aplicable y Jurisdicci\u00f3n<\/strong><\/h2>\n<p>La relaci\u00f3n entre HISPANO SUIZA y el Usuario se regir\u00e1 por la normativa espa\u00f1ola vigente y cualquier controversia se someter\u00e1 a los Juzgados y Tribunales del domicilio del Usuario, salvo en el caso en que el Usuario sea una persona jur\u00eddica que no act\u00fae como consumidor, siendo en dichas situaciones los Juzgados y Tribunales competentes, exclusivamente, los de la ciudad de Barcelona.<\/p>\n<p>HISPANO SUIZA perseguir\u00e1 el incumplimiento de las presentes Condiciones as\u00ed como cualquier utilizaci\u00f3n indebida del sitio web ejerciendo todas las acciones civiles y penales que le puedan corresponder y asistan en derecho<\/p>\n","protected":false},"excerpt":{"rendered":"<p>El presente Aviso Legal regula el acceso y utilizaci\u00f3n del presente sitio web (en adelante, el \u00abSitio Web\u00bb), cuyo contenido tiene car\u00e1cter exclusivamente informativo. El Sitio Web es titularidad de Hispano Suiza Cars, S.L., con domicilio social en Pla\u00e7a del Carme, 17491 Peralada (Girona), inscrita en el Registro Mercantil de Girona, Hoja GI-65038, Tomo 3233, [&hellip;]<\/p>\n","protected":false},"author":1,"featured_media":0,"parent":0,"menu_order":0,"comment_status":"closed","ping_status":"closed","template":"page-legal.php","meta":{"inline_featured_image":false},"yoast_head":"<!-- This site is optimized with the Yoast SEO plugin v19.2 - https:\/\/yoast.com\/wordpress\/plugins\/seo\/ -->\n<title>Aviso legal - Hispano Suiza<\/title>\n<meta name=\"robots\" content=\"index, follow, max-snippet:-1, max-image-preview:large, max-video-preview:-1\" \/>\n<link rel=\"canonical\" href=\"https:\/\/www.hispanosuiza.boutique\/es\/aviso-legal\/\" \/>\n<meta property=\"og:locale\" content=\"es_ES\" \/>\n<meta property=\"og:type\" content=\"article\" \/>\n<meta property=\"og:title\" content=\"Aviso legal - Hispano Suiza\" \/>\n<meta property=\"og:description\" content=\"El presente Aviso Legal regula el acceso y utilizaci\u00f3n del presente sitio web (en adelante, el \u00abSitio Web\u00bb), cuyo contenido tiene car\u00e1cter exclusivamente informativo. El Sitio Web es titularidad de Hispano Suiza Cars, S.L., con domicilio social en Pla\u00e7a del Carme, 17491 Peralada (Girona), inscrita en el Registro Mercantil de Girona, Hoja GI-65038, Tomo 3233, [&hellip;]\" \/>\n<meta property=\"og:url\" content=\"https:\/\/www.hispanosuiza.boutique\/es\/aviso-legal\/\" \/>\n<meta property=\"og:site_name\" content=\"Hispano Suiza\" \/>\n<meta property=\"article:modified_time\" content=\"2023-12-14T10:59:50+00:00\" \/>\n<meta name=\"author\" content=\"Jevnet\" \/>\n<meta name=\"twitter:card\" content=\"summary_large_image\" \/>\n<meta name=\"twitter:label1\" content=\"Tiempo de lectura\" \/>\n\t<meta name=\"twitter:data1\" content=\"7 minutos\" \/>\n<script type=\"application\/ld+json\" class=\"yoast-schema-graph\">{\"@context\":\"https:\/\/schema.org\",\"@graph\":[{\"@type\":\"WebSite\",\"@id\":\"https:\/\/www.hispanosuiza.boutique\/es\/#website\",\"url\":\"https:\/\/www.hispanosuiza.boutique\/es\/\",\"name\":\"Hispano Suiza\",\"description\":\"Luxury cars\",\"potentialAction\":[{\"@type\":\"SearchAction\",\"target\":{\"@type\":\"EntryPoint\",\"urlTemplate\":\"https:\/\/www.hispanosuiza.boutique\/es\/?s={search_term_string}\"},\"query-input\":\"required name=search_term_string\"}],\"inLanguage\":\"es\"},{\"@type\":\"WebPage\",\"@id\":\"https:\/\/www.hispanosuiza.boutique\/es\/aviso-legal\/#webpage\",\"url\":\"https:\/\/www.hispanosuiza.boutique\/es\/aviso-legal\/\",\"name\":\"Aviso legal - Hispano Suiza\",\"isPartOf\":{\"@id\":\"https:\/\/www.hispanosuiza.boutique\/es\/#website\"},\"datePublished\":\"2021-02-09T11:04:48+00:00\",\"dateModified\":\"2023-12-14T10:59:50+00:00\",\"breadcrumb\":{\"@id\":\"https:\/\/www.hispanosuiza.boutique\/es\/aviso-legal\/#breadcrumb\"},\"inLanguage\":\"es\",\"potentialAction\":[{\"@type\":\"ReadAction\",\"target\":[\"https:\/\/www.hispanosuiza.boutique\/es\/aviso-legal\/\"]}]},{\"@type\":\"BreadcrumbList\",\"@id\":\"https:\/\/www.hispanosuiza.boutique\/es\/aviso-legal\/#breadcrumb\",\"itemListElement\":[{\"@type\":\"ListItem\",\"position\":1,\"name\":\"Aviso legal\"}]}]}<\/script>\n<!-- \/ Yoast SEO plugin. -->","yoast_head_json":{"title":"Aviso legal - Hispano Suiza","robots":{"index":"index","follow":"follow","max-snippet":"max-snippet:-1","max-image-preview":"max-image-preview:large","max-video-preview":"max-video-preview:-1"},"canonical":"https:\/\/www.hispanosuiza.boutique\/es\/aviso-legal\/","og_locale":"es_ES","og_type":"article","og_title":"Aviso legal - Hispano Suiza","og_description":"El presente Aviso Legal regula el acceso y utilizaci\u00f3n del presente sitio web (en adelante, el \u00abSitio Web\u00bb), cuyo contenido tiene car\u00e1cter exclusivamente informativo. El Sitio Web es titularidad de Hispano Suiza Cars, S.L., con domicilio social en Pla\u00e7a del Carme, 17491 Peralada (Girona), inscrita en el Registro Mercantil de Girona, Hoja GI-65038, Tomo 3233, [&hellip;]","og_url":"https:\/\/www.hispanosuiza.boutique\/es\/aviso-legal\/","og_site_name":"Hispano Suiza","article_modified_time":"2023-12-14T10:59:50+00:00","author":"Jevnet","twitter_card":"summary_large_image","twitter_misc":{"Tiempo de lectura":"7 minutos"},"schema":{"@context":"https:\/\/schema.org","@graph":[{"@type":"WebSite","@id":"https:\/\/www.hispanosuiza.boutique\/es\/#website","url":"https:\/\/www.hispanosuiza.boutique\/es\/","name":"Hispano Suiza","description":"Luxury cars","potentialAction":[{"@type":"SearchAction","target":{"@type":"EntryPoint","urlTemplate":"https:\/\/www.hispanosuiza.boutique\/es\/?s={search_term_string}"},"query-input":"required name=search_term_string"}],"inLanguage":"es"},{"@type":"WebPage","@id":"https:\/\/www.hispanosuiza.boutique\/es\/aviso-legal\/#webpage","url":"https:\/\/www.hispanosuiza.boutique\/es\/aviso-legal\/","name":"Aviso legal - Hispano Suiza","isPartOf":{"@id":"https:\/\/www.hispanosuiza.boutique\/es\/#website"},"datePublished":"2021-02-09T11:04:48+00:00","dateModified":"2023-12-14T10:59:50+00:00","breadcrumb":{"@id":"https:\/\/www.hispanosuiza.boutique\/es\/aviso-legal\/#breadcrumb"},"inLanguage":"es","potentialAction":[{"@type":"ReadAction","target":["https:\/\/www.hispanosuiza.boutique\/es\/aviso-legal\/"]}]},{"@type":"BreadcrumbList","@id":"https:\/\/www.hispanosuiza.boutique\/es\/aviso-legal\/#breadcrumb","itemListElement":[{"@type":"ListItem","position":1,"name":"Aviso legal"}]}]}},"_links":{"self":[{"href":"https:\/\/www.hispanosuiza.boutique\/es\/wp-json\/wp\/v2\/pages\/2726"}],"collection":[{"href":"https:\/\/www.hispanosuiza.boutique\/es\/wp-json\/wp\/v2\/pages"}],"about":[{"href":"https:\/\/www.hispanosuiza.boutique\/es\/wp-json\/wp\/v2\/types\/page"}],"author":[{"embeddable":true,"href":"https:\/\/www.hispanosuiza.boutique\/es\/wp-json\/wp\/v2\/users\/1"}],"replies":[{"embeddable":true,"href":"https:\/\/www.hispanosuiza.boutique\/es\/wp-json\/wp\/v2\/comments?post=2726"}],"version-history":[{"count":5,"href":"https:\/\/www.hispanosuiza.boutique\/es\/wp-json\/wp\/v2\/pages\/2726\/revisions"}],"predecessor-version":[{"id":9172,"href":"https:\/\/www.hispanosuiza.boutique\/es\/wp-json\/wp\/v2\/pages\/2726\/revisions\/9172"}],"wp:attachment":[{"href":"https:\/\/www.hispanosuiza.boutique\/es\/wp-json\/wp\/v2\/media?parent=2726"}],"curies":[{"name":"wp","href":"https:\/\/api.w.org\/{rel}","templated":true}]}}