{"id":4711,"date":"2021-06-25T14:55:10","date_gmt":"2021-06-25T12:55:10","guid":{"rendered":"https:\/\/www.hispanosuiza.boutique\/?post_type=product&#038;p=4711"},"modified":"2024-07-11T19:05:50","modified_gmt":"2024-07-11T17:05:50","slug":"mochila-antirrobo","status":"publish","type":"product","link":"https:\/\/www.hispanosuiza.boutique\/es\/articulo\/mochila-antirrobo\/","title":{"rendered":"Mochila Antirrobo"},"content":{"rendered":"","protected":false},"excerpt":{"rendered":"<p>Malet\u00edn convertible con dise\u00f1o antirrobo de color negro. Capacidad para port\u00e1tiles de hasta 15,6\u201d o tablets de hasta 10\u201d. Puerto con carga USB.<\/p>\n<p>Composici\u00f3n: Tejido impermeable y a prueba de cortes<\/p>\n<p>Dimensiones: 10 x 31,5 x 43 cm<\/p>\n<p>Peso: 1.3 kg<\/p>\n<p>Capacidad: 15 l<\/p>\n<p>Color: Black shadow<\/p>\n","protected":false},"featured_media":9102,"template":"","meta":{"inline_featured_image":false},"product_cat":[98],"product_tag":[329],"yoast_head":"<!-- This site is optimized with the Yoast SEO plugin v19.2 - https:\/\/yoast.com\/wordpress\/plugins\/seo\/ -->\n<title>Mochila Antirrobo - Hispano Suiza<\/title>\n<meta name=\"description\" content=\"Mochila malet\u00edn antirrobo. Material a prueba de cortes. Capacidad para port\u00e1tiles de hasta 15.6\u201do tablets de hasta 10\u201d. Carga USB.\" \/>\n<meta name=\"robots\" content=\"index, follow, max-snippet:-1, max-image-preview:large, max-video-preview:-1\" \/>\n<link rel=\"canonical\" href=\"https:\/\/www.hispanosuiza.boutique\/es\/articulo\/mochila-antirrobo\/\" \/>\n<meta property=\"og:locale\" content=\"es_ES\" \/>\n<meta property=\"og:type\" content=\"article\" \/>\n<meta property=\"og:title\" content=\"Mochila Antirrobo - Hispano Suiza\" \/>\n<meta property=\"og:description\" content=\"Mochila malet\u00edn antirrobo. Material a prueba de cortes. Capacidad para port\u00e1tiles de hasta 15.6\u201do tablets de hasta 10\u201d. Carga USB.\" \/>\n<meta property=\"og:url\" content=\"https:\/\/www.hispanosuiza.boutique\/es\/articulo\/mochila-antirrobo\/\" \/>\n<meta property=\"og:site_name\" content=\"Hispano Suiza\" \/>\n<meta property=\"article:modified_time\" content=\"2024-07-11T17:05:50+00:00\" \/>\n<meta property=\"og:image\" content=\"https:\/\/www.hispanosuiza.boutique\/wp-content\/uploads\/2021\/06\/Bag.jpg\" \/>\n\t<meta property=\"og:image:width\" content=\"1400\" \/>\n\t<meta property=\"og:image:height\" content=\"2015\" \/>\n\t<meta property=\"og:image:type\" content=\"image\/jpeg\" \/>\n<meta name=\"author\" content=\"Jevnet\" \/>\n<meta name=\"twitter:card\" content=\"summary_large_image\" \/>\n<script type=\"application\/ld+json\" class=\"yoast-schema-graph\">{\"@context\":\"https:\/\/schema.org\",\"@graph\":[{\"@type\":\"WebSite\",\"@id\":\"https:\/\/www.hispanosuiza.boutique\/es\/#website\",\"url\":\"https:\/\/www.hispanosuiza.boutique\/es\/\",\"name\":\"Hispano Suiza\",\"description\":\"Luxury cars\",\"potentialAction\":[{\"@type\":\"SearchAction\",\"target\":{\"@type\":\"EntryPoint\",\"urlTemplate\":\"https:\/\/www.hispanosuiza.boutique\/es\/?s={search_term_string}\"},\"query-input\":\"required name=search_term_string\"}],\"inLanguage\":\"es\"},{\"@type\":\"ImageObject\",\"inLanguage\":\"es\",\"@id\":\"https:\/\/www.hispanosuiza.boutique\/es\/articulo\/mochila-antirrobo\/#primaryimage\",\"url\":\"https:\/\/www.hispanosuiza.boutique\/wp-content\/uploads\/2021\/06\/Bag.jpg\",\"contentUrl\":\"https:\/\/www.hispanosuiza.boutique\/wp-content\/uploads\/2021\/06\/Bag.jpg\",\"width\":1400,\"height\":2015},{\"@type\":\"WebPage\",\"@id\":\"https:\/\/www.hispanosuiza.boutique\/es\/articulo\/mochila-antirrobo\/#webpage\",\"url\":\"https:\/\/www.hispanosuiza.boutique\/es\/articulo\/mochila-antirrobo\/\",\"name\":\"Mochila Antirrobo - Hispano Suiza\",\"isPartOf\":{\"@id\":\"https:\/\/www.hispanosuiza.boutique\/es\/#website\"},\"primaryImageOfPage\":{\"@id\":\"https:\/\/www.hispanosuiza.boutique\/es\/articulo\/mochila-antirrobo\/#primaryimage\"},\"datePublished\":\"2021-06-25T12:55:10+00:00\",\"dateModified\":\"2024-07-11T17:05:50+00:00\",\"description\":\"Mochila malet\u00edn antirrobo. Material a prueba de cortes. Capacidad para port\u00e1tiles de hasta 15.6\u201do tablets de hasta 10\u201d. Carga USB.\",\"breadcrumb\":{\"@id\":\"https:\/\/www.hispanosuiza.boutique\/es\/articulo\/mochila-antirrobo\/#breadcrumb\"},\"inLanguage\":\"es\",\"potentialAction\":[{\"@type\":\"ReadAction\",\"target\":[\"https:\/\/www.hispanosuiza.boutique\/es\/articulo\/mochila-antirrobo\/\"]}]},{\"@type\":\"BreadcrumbList\",\"@id\":\"https:\/\/www.hispanosuiza.boutique\/es\/articulo\/mochila-antirrobo\/#breadcrumb\",\"itemListElement\":[{\"@type\":\"ListItem\",\"position\":1,\"name\":\"Shop\",\"item\":\"https:\/\/www.hispanosuiza.boutique\/shop\/\"},{\"@type\":\"ListItem\",\"position\":2,\"name\":\"Mochila Antirrobo\"}]}]}<\/script>\n<!-- \/ Yoast SEO plugin. -->","yoast_head_json":{"title":"Mochila Antirrobo - Hispano Suiza","description":"Mochila malet\u00edn antirrobo. Material a prueba de cortes. Capacidad para port\u00e1tiles de hasta 15.6\u201do tablets de hasta 10\u201d. Carga USB.","robots":{"index":"index","follow":"follow","max-snippet":"max-snippet:-1","max-image-preview":"max-image-preview:large","max-video-preview":"max-video-preview:-1"},"canonical":"https:\/\/www.hispanosuiza.boutique\/es\/articulo\/mochila-antirrobo\/","og_locale":"es_ES","og_type":"article","og_title":"Mochila Antirrobo - Hispano Suiza","og_description":"Mochila malet\u00edn antirrobo. Material a prueba de cortes. Capacidad para port\u00e1tiles de hasta 15.6\u201do tablets de hasta 10\u201d. Carga USB.","og_url":"https:\/\/www.hispanosuiza.boutique\/es\/articulo\/mochila-antirrobo\/","og_site_name":"Hispano Suiza","article_modified_time":"2024-07-11T17:05:50+00:00","og_image":[{"width":1400,"height":2015,"url":"https:\/\/www.hispanosuiza.boutique\/wp-content\/uploads\/2021\/06\/Bag.jpg","type":"image\/jpeg"}],"author":"Jevnet","twitter_card":"summary_large_image","schema":{"@context":"https:\/\/schema.org","@graph":[{"@type":"WebSite","@id":"https:\/\/www.hispanosuiza.boutique\/es\/#website","url":"https:\/\/www.hispanosuiza.boutique\/es\/","name":"Hispano Suiza","description":"Luxury cars","potentialAction":[{"@type":"SearchAction","target":{"@type":"EntryPoint","urlTemplate":"https:\/\/www.hispanosuiza.boutique\/es\/?s={search_term_string}"},"query-input":"required name=search_term_string"}],"inLanguage":"es"},{"@type":"ImageObject","inLanguage":"es","@id":"https:\/\/www.hispanosuiza.boutique\/es\/articulo\/mochila-antirrobo\/#primaryimage","url":"https:\/\/www.hispanosuiza.boutique\/wp-content\/uploads\/2021\/06\/Bag.jpg","contentUrl":"https:\/\/www.hispanosuiza.boutique\/wp-content\/uploads\/2021\/06\/Bag.jpg","width":1400,"height":2015},{"@type":"WebPage","@id":"https:\/\/www.hispanosuiza.boutique\/es\/articulo\/mochila-antirrobo\/#webpage","url":"https:\/\/www.hispanosuiza.boutique\/es\/articulo\/mochila-antirrobo\/","name":"Mochila Antirrobo - Hispano Suiza","isPartOf":{"@id":"https:\/\/www.hispanosuiza.boutique\/es\/#website"},"primaryImageOfPage":{"@id":"https:\/\/www.hispanosuiza.boutique\/es\/articulo\/mochila-antirrobo\/#primaryimage"},"datePublished":"2021-06-25T12:55:10+00:00","dateModified":"2024-07-11T17:05:50+00:00","description":"Mochila malet\u00edn antirrobo. Material a prueba de cortes. Capacidad para port\u00e1tiles de hasta 15.6\u201do tablets de hasta 10\u201d. Carga USB.","breadcrumb":{"@id":"https:\/\/www.hispanosuiza.boutique\/es\/articulo\/mochila-antirrobo\/#breadcrumb"},"inLanguage":"es","potentialAction":[{"@type":"ReadAction","target":["https:\/\/www.hispanosuiza.boutique\/es\/articulo\/mochila-antirrobo\/"]}]},{"@type":"BreadcrumbList","@id":"https:\/\/www.hispanosuiza.boutique\/es\/articulo\/mochila-antirrobo\/#breadcrumb","itemListElement":[{"@type":"ListItem","position":1,"name":"Shop","item":"https:\/\/www.hispanosuiza.boutique\/shop\/"},{"@type":"ListItem","position":2,"name":"Mochila Antirrobo"}]}]}},"_links":{"self":[{"href":"https:\/\/www.hispanosuiza.boutique\/es\/wp-json\/wp\/v2\/product\/4711"}],"collection":[{"href":"https:\/\/www.hispanosuiza.boutique\/es\/wp-json\/wp\/v2\/product"}],"about":[{"href":"https:\/\/www.hispanosuiza.boutique\/es\/wp-json\/wp\/v2\/types\/product"}],"wp:featuredmedia":[{"embeddable":true,"href":"https:\/\/www.hispanosuiza.boutique\/es\/wp-json\/wp\/v2\/media\/9102"}],"wp:attachment":[{"href":"https:\/\/www.hispanosuiza.boutique\/es\/wp-json\/wp\/v2\/media?parent=4711"}],"wp:term":[{"taxonomy":"product_cat","embeddable":true,"href":"https:\/\/www.hispanosuiza.boutique\/es\/wp-json\/wp\/v2\/product_cat?post=4711"},{"taxonomy":"product_tag","embeddable":true,"href":"https:\/\/www.hispanosuiza.boutique\/es\/wp-json\/wp\/v2\/product_tag?post=4711"}],"curies":[{"name":"wp","href":"https:\/\/api.w.org\/{rel}","templated":true}]}}