{"id":4714,"date":"2021-06-28T10:40:10","date_gmt":"2021-06-28T08:40:10","guid":{"rendered":"https:\/\/www.hispanosuiza.boutique\/?post_type=product&#038;p=4714"},"modified":"2026-05-07T17:02:05","modified_gmt":"2026-05-07T15:02:05","slug":"gafas-de-sol-de-acetato","status":"publish","type":"product","link":"https:\/\/www.hispanosuiza.boutique\/es\/articulo\/gafas-de-sol-de-acetato\/","title":{"rendered":"Gafas de sol de acetato"},"content":{"rendered":"","protected":false},"excerpt":{"rendered":"<p>Gafa de sol marr\u00f3n de acetato<\/p>\n<p>Composici\u00f3n: Acetato y lente film japon\u00e9s polarizado<\/p>\n<p>Dimensiones: Frontal 140mm | Alto 48mm | Patillas 140mm<\/p>\n<p>Protecci\u00f3n UV: UV400 \u2014 Categor\u00eda 3<\/p>\n<p>Color: Marr\u00f3n nacarado<\/p>\n","protected":false},"featured_media":9086,"template":"","meta":{"inline_featured_image":false},"product_cat":[98],"product_tag":[329],"yoast_head":"<!-- This site is optimized with the Yoast SEO plugin v19.2 - https:\/\/yoast.com\/wordpress\/plugins\/seo\/ -->\n<title>Gafas de sol de acetato - Hispano Suiza<\/title>\n<meta name=\"description\" content=\"Fabricadas en acetato de alta calidad. Protecci\u00f3n UV: UV400-Categor\u00eda 3. Lente: Film Japon\u00e9s Tac Polarizado, anticratch, Super Hydrofobic.\" \/>\n<meta name=\"robots\" content=\"index, follow, max-snippet:-1, max-image-preview:large, max-video-preview:-1\" \/>\n<link rel=\"canonical\" href=\"https:\/\/www.hispanosuiza.boutique\/es\/articulo\/gafas-de-sol-de-acetato\/\" \/>\n<meta property=\"og:locale\" content=\"es_ES\" \/>\n<meta property=\"og:type\" content=\"article\" \/>\n<meta property=\"og:title\" content=\"Gafas de sol de acetato - Hispano Suiza\" \/>\n<meta property=\"og:description\" content=\"Fabricadas en acetato de alta calidad. Protecci\u00f3n UV: UV400-Categor\u00eda 3. Lente: Film Japon\u00e9s Tac Polarizado, anticratch, Super Hydrofobic.\" \/>\n<meta property=\"og:url\" content=\"https:\/\/www.hispanosuiza.boutique\/es\/articulo\/gafas-de-sol-de-acetato\/\" \/>\n<meta property=\"og:site_name\" content=\"Hispano Suiza\" \/>\n<meta property=\"article:modified_time\" content=\"2026-05-07T15:02:05+00:00\" \/>\n<meta property=\"og:image\" content=\"https:\/\/www.hispanosuiza.boutique\/wp-content\/uploads\/2021\/06\/Glasses.jpg\" \/>\n\t<meta property=\"og:image:width\" content=\"1400\" \/>\n\t<meta property=\"og:image:height\" content=\"2015\" \/>\n\t<meta property=\"og:image:type\" content=\"image\/jpeg\" \/>\n<meta name=\"author\" content=\"Jevnet\" \/>\n<meta name=\"twitter:card\" content=\"summary_large_image\" \/>\n<script type=\"application\/ld+json\" class=\"yoast-schema-graph\">{\"@context\":\"https:\/\/schema.org\",\"@graph\":[{\"@type\":\"WebSite\",\"@id\":\"https:\/\/www.hispanosuiza.boutique\/es\/#website\",\"url\":\"https:\/\/www.hispanosuiza.boutique\/es\/\",\"name\":\"Hispano Suiza\",\"description\":\"Luxury cars\",\"potentialAction\":[{\"@type\":\"SearchAction\",\"target\":{\"@type\":\"EntryPoint\",\"urlTemplate\":\"https:\/\/www.hispanosuiza.boutique\/es\/?s={search_term_string}\"},\"query-input\":\"required name=search_term_string\"}],\"inLanguage\":\"es\"},{\"@type\":\"ImageObject\",\"inLanguage\":\"es\",\"@id\":\"https:\/\/www.hispanosuiza.boutique\/es\/articulo\/gafas-de-sol-de-acetato\/#primaryimage\",\"url\":\"https:\/\/www.hispanosuiza.boutique\/wp-content\/uploads\/2021\/06\/Glasses.jpg\",\"contentUrl\":\"https:\/\/www.hispanosuiza.boutique\/wp-content\/uploads\/2021\/06\/Glasses.jpg\",\"width\":1400,\"height\":2015},{\"@type\":\"WebPage\",\"@id\":\"https:\/\/www.hispanosuiza.boutique\/es\/articulo\/gafas-de-sol-de-acetato\/#webpage\",\"url\":\"https:\/\/www.hispanosuiza.boutique\/es\/articulo\/gafas-de-sol-de-acetato\/\",\"name\":\"Gafas de sol de acetato - Hispano Suiza\",\"isPartOf\":{\"@id\":\"https:\/\/www.hispanosuiza.boutique\/es\/#website\"},\"primaryImageOfPage\":{\"@id\":\"https:\/\/www.hispanosuiza.boutique\/es\/articulo\/gafas-de-sol-de-acetato\/#primaryimage\"},\"datePublished\":\"2021-06-28T08:40:10+00:00\",\"dateModified\":\"2026-05-07T15:02:05+00:00\",\"description\":\"Fabricadas en acetato de alta calidad. Protecci\u00f3n UV: UV400-Categor\u00eda 3. Lente: Film Japon\u00e9s Tac Polarizado, anticratch, Super Hydrofobic.\",\"breadcrumb\":{\"@id\":\"https:\/\/www.hispanosuiza.boutique\/es\/articulo\/gafas-de-sol-de-acetato\/#breadcrumb\"},\"inLanguage\":\"es\",\"potentialAction\":[{\"@type\":\"ReadAction\",\"target\":[\"https:\/\/www.hispanosuiza.boutique\/es\/articulo\/gafas-de-sol-de-acetato\/\"]}]},{\"@type\":\"BreadcrumbList\",\"@id\":\"https:\/\/www.hispanosuiza.boutique\/es\/articulo\/gafas-de-sol-de-acetato\/#breadcrumb\",\"itemListElement\":[{\"@type\":\"ListItem\",\"position\":1,\"name\":\"Shop\",\"item\":\"https:\/\/www.hispanosuiza.boutique\/shop\/\"},{\"@type\":\"ListItem\",\"position\":2,\"name\":\"Gafas de sol de acetato\"}]}]}<\/script>\n<!-- \/ Yoast SEO plugin. -->","yoast_head_json":{"title":"Gafas de sol de acetato - Hispano Suiza","description":"Fabricadas en acetato de alta calidad. Protecci\u00f3n UV: UV400-Categor\u00eda 3. Lente: Film Japon\u00e9s Tac Polarizado, anticratch, Super Hydrofobic.","robots":{"index":"index","follow":"follow","max-snippet":"max-snippet:-1","max-image-preview":"max-image-preview:large","max-video-preview":"max-video-preview:-1"},"canonical":"https:\/\/www.hispanosuiza.boutique\/es\/articulo\/gafas-de-sol-de-acetato\/","og_locale":"es_ES","og_type":"article","og_title":"Gafas de sol de acetato - Hispano Suiza","og_description":"Fabricadas en acetato de alta calidad. Protecci\u00f3n UV: UV400-Categor\u00eda 3. Lente: Film Japon\u00e9s Tac Polarizado, anticratch, Super Hydrofobic.","og_url":"https:\/\/www.hispanosuiza.boutique\/es\/articulo\/gafas-de-sol-de-acetato\/","og_site_name":"Hispano Suiza","article_modified_time":"2026-05-07T15:02:05+00:00","og_image":[{"width":1400,"height":2015,"url":"https:\/\/www.hispanosuiza.boutique\/wp-content\/uploads\/2021\/06\/Glasses.jpg","type":"image\/jpeg"}],"author":"Jevnet","twitter_card":"summary_large_image","schema":{"@context":"https:\/\/schema.org","@graph":[{"@type":"WebSite","@id":"https:\/\/www.hispanosuiza.boutique\/es\/#website","url":"https:\/\/www.hispanosuiza.boutique\/es\/","name":"Hispano Suiza","description":"Luxury cars","potentialAction":[{"@type":"SearchAction","target":{"@type":"EntryPoint","urlTemplate":"https:\/\/www.hispanosuiza.boutique\/es\/?s={search_term_string}"},"query-input":"required name=search_term_string"}],"inLanguage":"es"},{"@type":"ImageObject","inLanguage":"es","@id":"https:\/\/www.hispanosuiza.boutique\/es\/articulo\/gafas-de-sol-de-acetato\/#primaryimage","url":"https:\/\/www.hispanosuiza.boutique\/wp-content\/uploads\/2021\/06\/Glasses.jpg","contentUrl":"https:\/\/www.hispanosuiza.boutique\/wp-content\/uploads\/2021\/06\/Glasses.jpg","width":1400,"height":2015},{"@type":"WebPage","@id":"https:\/\/www.hispanosuiza.boutique\/es\/articulo\/gafas-de-sol-de-acetato\/#webpage","url":"https:\/\/www.hispanosuiza.boutique\/es\/articulo\/gafas-de-sol-de-acetato\/","name":"Gafas de sol de acetato - Hispano Suiza","isPartOf":{"@id":"https:\/\/www.hispanosuiza.boutique\/es\/#website"},"primaryImageOfPage":{"@id":"https:\/\/www.hispanosuiza.boutique\/es\/articulo\/gafas-de-sol-de-acetato\/#primaryimage"},"datePublished":"2021-06-28T08:40:10+00:00","dateModified":"2026-05-07T15:02:05+00:00","description":"Fabricadas en acetato de alta calidad. Protecci\u00f3n UV: UV400-Categor\u00eda 3. Lente: Film Japon\u00e9s Tac Polarizado, anticratch, Super Hydrofobic.","breadcrumb":{"@id":"https:\/\/www.hispanosuiza.boutique\/es\/articulo\/gafas-de-sol-de-acetato\/#breadcrumb"},"inLanguage":"es","potentialAction":[{"@type":"ReadAction","target":["https:\/\/www.hispanosuiza.boutique\/es\/articulo\/gafas-de-sol-de-acetato\/"]}]},{"@type":"BreadcrumbList","@id":"https:\/\/www.hispanosuiza.boutique\/es\/articulo\/gafas-de-sol-de-acetato\/#breadcrumb","itemListElement":[{"@type":"ListItem","position":1,"name":"Shop","item":"https:\/\/www.hispanosuiza.boutique\/shop\/"},{"@type":"ListItem","position":2,"name":"Gafas de sol de acetato"}]}]}},"_links":{"self":[{"href":"https:\/\/www.hispanosuiza.boutique\/es\/wp-json\/wp\/v2\/product\/4714"}],"collection":[{"href":"https:\/\/www.hispanosuiza.boutique\/es\/wp-json\/wp\/v2\/product"}],"about":[{"href":"https:\/\/www.hispanosuiza.boutique\/es\/wp-json\/wp\/v2\/types\/product"}],"wp:featuredmedia":[{"embeddable":true,"href":"https:\/\/www.hispanosuiza.boutique\/es\/wp-json\/wp\/v2\/media\/9086"}],"wp:attachment":[{"href":"https:\/\/www.hispanosuiza.boutique\/es\/wp-json\/wp\/v2\/media?parent=4714"}],"wp:term":[{"taxonomy":"product_cat","embeddable":true,"href":"https:\/\/www.hispanosuiza.boutique\/es\/wp-json\/wp\/v2\/product_cat?post=4714"},{"taxonomy":"product_tag","embeddable":true,"href":"https:\/\/www.hispanosuiza.boutique\/es\/wp-json\/wp\/v2\/product_tag?post=4714"}],"curies":[{"name":"wp","href":"https:\/\/api.w.org\/{rel}","templated":true}]}}