{"id":9408,"date":"2024-07-03T17:07:44","date_gmt":"2024-07-03T15:07:44","guid":{"rendered":"https:\/\/www.hispanosuiza.boutique\/?post_type=product&#038;p=9408"},"modified":"2025-03-29T19:44:25","modified_gmt":"2025-03-29T18:44:25","slug":"chaqueta-sport-unisex","status":"publish","type":"product","link":"https:\/\/www.hispanosuiza.boutique\/es\/articulo\/chaqueta-sport-unisex\/","title":{"rendered":"Chaqueta Sport &#8211; Unisex"},"content":{"rendered":"","protected":false},"excerpt":{"rendered":"<p class=\"p1\">La nueva Capsule Collection representa esas ra\u00edces competitivas de Hispano Suiza que han vuelto para quedarse.<\/p>\n<p>&nbsp;<\/p>\n<p>COLOR PRINCIPAL: Black Shadow<br \/>\nCOLOR DETALLES:Electric Red \/ Champagne<br \/>\nCOMPOSICI\u00d3N: 100% POLYESTER<\/p>\n<p><em>*Para este articulo le recomendamos comprar una talla m\u00e1s peque\u00f1a de lo habitual<\/em><\/p>\n","protected":false},"featured_media":9566,"template":"","meta":{"inline_featured_image":false},"product_cat":[319,57],"product_tag":[330,320],"yoast_head":"<!-- This site is optimized with the Yoast SEO plugin v19.2 - https:\/\/yoast.com\/wordpress\/plugins\/seo\/ -->\n<title>Chaqueta Sport - Unisex - Hispano Suiza<\/title>\n<meta name=\"robots\" content=\"index, follow, max-snippet:-1, max-image-preview:large, max-video-preview:-1\" \/>\n<link rel=\"canonical\" href=\"https:\/\/www.hispanosuiza.boutique\/es\/articulo\/chaqueta-sport-unisex\/\" \/>\n<meta property=\"og:locale\" content=\"es_ES\" \/>\n<meta property=\"og:type\" content=\"article\" \/>\n<meta property=\"og:title\" content=\"Chaqueta Sport - Unisex - Hispano Suiza\" \/>\n<meta property=\"og:description\" content=\"La nueva Capsule Collection representa esas ra\u00edces competitivas de Hispano Suiza que han vuelto para quedarse. &nbsp;  COLOR PRINCIPAL: Black Shadow COLOR DETALLES:Electric Red \/ Champagne COMPOSICI\u00d3N: 100% POLYESTER  *Para este articulo le recomendamos comprar una talla m\u00e1s peque\u00f1a de lo habitual\" \/>\n<meta property=\"og:url\" content=\"https:\/\/www.hispanosuiza.boutique\/es\/articulo\/chaqueta-sport-unisex\/\" \/>\n<meta property=\"og:site_name\" content=\"Hispano Suiza\" \/>\n<meta property=\"article:modified_time\" content=\"2025-03-29T18:44:25+00:00\" \/>\n<meta property=\"og:image\" content=\"https:\/\/www.hispanosuiza.boutique\/wp-content\/uploads\/2024\/07\/04-sport_jacket-1-1.jpg\" \/>\n\t<meta property=\"og:image:width\" content=\"1400\" \/>\n\t<meta property=\"og:image:height\" content=\"2015\" \/>\n\t<meta property=\"og:image:type\" content=\"image\/jpeg\" \/>\n<meta name=\"author\" content=\"Jevnet\" \/>\n<meta name=\"twitter:card\" content=\"summary_large_image\" \/>\n<script type=\"application\/ld+json\" class=\"yoast-schema-graph\">{\"@context\":\"https:\/\/schema.org\",\"@graph\":[{\"@type\":\"WebSite\",\"@id\":\"https:\/\/www.hispanosuiza.boutique\/es\/#website\",\"url\":\"https:\/\/www.hispanosuiza.boutique\/es\/\",\"name\":\"Hispano Suiza\",\"description\":\"Luxury cars\",\"potentialAction\":[{\"@type\":\"SearchAction\",\"target\":{\"@type\":\"EntryPoint\",\"urlTemplate\":\"https:\/\/www.hispanosuiza.boutique\/es\/?s={search_term_string}\"},\"query-input\":\"required name=search_term_string\"}],\"inLanguage\":\"es\"},{\"@type\":\"ImageObject\",\"inLanguage\":\"es\",\"@id\":\"https:\/\/www.hispanosuiza.boutique\/es\/articulo\/chaqueta-sport-unisex\/#primaryimage\",\"url\":\"https:\/\/www.hispanosuiza.boutique\/wp-content\/uploads\/2024\/07\/04-sport_jacket-1-1.jpg\",\"contentUrl\":\"https:\/\/www.hispanosuiza.boutique\/wp-content\/uploads\/2024\/07\/04-sport_jacket-1-1.jpg\",\"width\":1400,\"height\":2015},{\"@type\":\"WebPage\",\"@id\":\"https:\/\/www.hispanosuiza.boutique\/es\/articulo\/chaqueta-sport-unisex\/#webpage\",\"url\":\"https:\/\/www.hispanosuiza.boutique\/es\/articulo\/chaqueta-sport-unisex\/\",\"name\":\"Chaqueta Sport - Unisex - Hispano Suiza\",\"isPartOf\":{\"@id\":\"https:\/\/www.hispanosuiza.boutique\/es\/#website\"},\"primaryImageOfPage\":{\"@id\":\"https:\/\/www.hispanosuiza.boutique\/es\/articulo\/chaqueta-sport-unisex\/#primaryimage\"},\"datePublished\":\"2024-07-03T15:07:44+00:00\",\"dateModified\":\"2025-03-29T18:44:25+00:00\",\"breadcrumb\":{\"@id\":\"https:\/\/www.hispanosuiza.boutique\/es\/articulo\/chaqueta-sport-unisex\/#breadcrumb\"},\"inLanguage\":\"es\",\"potentialAction\":[{\"@type\":\"ReadAction\",\"target\":[\"https:\/\/www.hispanosuiza.boutique\/es\/articulo\/chaqueta-sport-unisex\/\"]}]},{\"@type\":\"BreadcrumbList\",\"@id\":\"https:\/\/www.hispanosuiza.boutique\/es\/articulo\/chaqueta-sport-unisex\/#breadcrumb\",\"itemListElement\":[{\"@type\":\"ListItem\",\"position\":1,\"name\":\"Shop\",\"item\":\"https:\/\/www.hispanosuiza.boutique\/shop\/\"},{\"@type\":\"ListItem\",\"position\":2,\"name\":\"Chaqueta Sport &#8211; Unisex\"}]}]}<\/script>\n<!-- \/ Yoast SEO plugin. -->","yoast_head_json":{"title":"Chaqueta Sport - Unisex - Hispano Suiza","robots":{"index":"index","follow":"follow","max-snippet":"max-snippet:-1","max-image-preview":"max-image-preview:large","max-video-preview":"max-video-preview:-1"},"canonical":"https:\/\/www.hispanosuiza.boutique\/es\/articulo\/chaqueta-sport-unisex\/","og_locale":"es_ES","og_type":"article","og_title":"Chaqueta Sport - Unisex - Hispano Suiza","og_description":"La nueva Capsule Collection representa esas ra\u00edces competitivas de Hispano Suiza que han vuelto para quedarse. &nbsp;  COLOR PRINCIPAL: Black Shadow COLOR DETALLES:Electric Red \/ Champagne COMPOSICI\u00d3N: 100% POLYESTER  *Para este articulo le recomendamos comprar una talla m\u00e1s peque\u00f1a de lo habitual","og_url":"https:\/\/www.hispanosuiza.boutique\/es\/articulo\/chaqueta-sport-unisex\/","og_site_name":"Hispano Suiza","article_modified_time":"2025-03-29T18:44:25+00:00","og_image":[{"width":1400,"height":2015,"url":"https:\/\/www.hispanosuiza.boutique\/wp-content\/uploads\/2024\/07\/04-sport_jacket-1-1.jpg","type":"image\/jpeg"}],"author":"Jevnet","twitter_card":"summary_large_image","schema":{"@context":"https:\/\/schema.org","@graph":[{"@type":"WebSite","@id":"https:\/\/www.hispanosuiza.boutique\/es\/#website","url":"https:\/\/www.hispanosuiza.boutique\/es\/","name":"Hispano Suiza","description":"Luxury cars","potentialAction":[{"@type":"SearchAction","target":{"@type":"EntryPoint","urlTemplate":"https:\/\/www.hispanosuiza.boutique\/es\/?s={search_term_string}"},"query-input":"required name=search_term_string"}],"inLanguage":"es"},{"@type":"ImageObject","inLanguage":"es","@id":"https:\/\/www.hispanosuiza.boutique\/es\/articulo\/chaqueta-sport-unisex\/#primaryimage","url":"https:\/\/www.hispanosuiza.boutique\/wp-content\/uploads\/2024\/07\/04-sport_jacket-1-1.jpg","contentUrl":"https:\/\/www.hispanosuiza.boutique\/wp-content\/uploads\/2024\/07\/04-sport_jacket-1-1.jpg","width":1400,"height":2015},{"@type":"WebPage","@id":"https:\/\/www.hispanosuiza.boutique\/es\/articulo\/chaqueta-sport-unisex\/#webpage","url":"https:\/\/www.hispanosuiza.boutique\/es\/articulo\/chaqueta-sport-unisex\/","name":"Chaqueta Sport - Unisex - Hispano Suiza","isPartOf":{"@id":"https:\/\/www.hispanosuiza.boutique\/es\/#website"},"primaryImageOfPage":{"@id":"https:\/\/www.hispanosuiza.boutique\/es\/articulo\/chaqueta-sport-unisex\/#primaryimage"},"datePublished":"2024-07-03T15:07:44+00:00","dateModified":"2025-03-29T18:44:25+00:00","breadcrumb":{"@id":"https:\/\/www.hispanosuiza.boutique\/es\/articulo\/chaqueta-sport-unisex\/#breadcrumb"},"inLanguage":"es","potentialAction":[{"@type":"ReadAction","target":["https:\/\/www.hispanosuiza.boutique\/es\/articulo\/chaqueta-sport-unisex\/"]}]},{"@type":"BreadcrumbList","@id":"https:\/\/www.hispanosuiza.boutique\/es\/articulo\/chaqueta-sport-unisex\/#breadcrumb","itemListElement":[{"@type":"ListItem","position":1,"name":"Shop","item":"https:\/\/www.hispanosuiza.boutique\/shop\/"},{"@type":"ListItem","position":2,"name":"Chaqueta Sport &#8211; Unisex"}]}]}},"_links":{"self":[{"href":"https:\/\/www.hispanosuiza.boutique\/es\/wp-json\/wp\/v2\/product\/9408"}],"collection":[{"href":"https:\/\/www.hispanosuiza.boutique\/es\/wp-json\/wp\/v2\/product"}],"about":[{"href":"https:\/\/www.hispanosuiza.boutique\/es\/wp-json\/wp\/v2\/types\/product"}],"wp:featuredmedia":[{"embeddable":true,"href":"https:\/\/www.hispanosuiza.boutique\/es\/wp-json\/wp\/v2\/media\/9566"}],"wp:attachment":[{"href":"https:\/\/www.hispanosuiza.boutique\/es\/wp-json\/wp\/v2\/media?parent=9408"}],"wp:term":[{"taxonomy":"product_cat","embeddable":true,"href":"https:\/\/www.hispanosuiza.boutique\/es\/wp-json\/wp\/v2\/product_cat?post=9408"},{"taxonomy":"product_tag","embeddable":true,"href":"https:\/\/www.hispanosuiza.boutique\/es\/wp-json\/wp\/v2\/product_tag?post=9408"}],"curies":[{"name":"wp","href":"https:\/\/api.w.org\/{rel}","templated":true}]}}